{"id":1270,"date":"2017-07-24T13:21:10","date_gmt":"2017-07-24T17:21:10","guid":{"rendered":"http:\/\/www.softbec.ca\/aide\/?page_id=1270"},"modified":"2024-02-24T13:55:21","modified_gmt":"2024-02-24T18:55:21","slug":"processus-de-vente","status":"publish","type":"page","link":"https:\/\/www.softbec.ca\/aide\/processus-de-vente\/","title":{"rendered":"Processus de vente"},"content":{"rendered":"<div class=\"wpb-content-wrapper\"><p>[vc_row][vc_column][vc_column_text]<\/p>\n<h2>Le processus de vente<\/h2>\n<p>[\/vc_column_text][vc_images_carousel images=&#8221;3589&#8243; img_size=&#8221;full&#8221; onclick=&#8221;link_no&#8221;][\/vc_column][\/vc_row][vc_row][vc_column width=&#8221;1\/2&#8243;][vc_column_text]De la soumission \u00e0 la facturation, OTO Nom-i permet de g\u00e9rer toutes les \u00e9tapes n\u00e9cessaires \u00e0 une bonne gestion de votre processus de vente.<\/p>\n<p><img loading=\"lazy\" decoding=\"async\" class=\"size-medium wp-image-2757 aligncenter\" src=\"http:\/\/www.softbec.ca\/aide\/wp-content\/uploads\/ventes-processus-291x300.png\" alt=\"\" width=\"291\" height=\"300\" srcset=\"https:\/\/www.softbec.ca\/aide\/wp-content\/uploads\/ventes-processus-291x300.png 291w, https:\/\/www.softbec.ca\/aide\/wp-content\/uploads\/ventes-processus.png 327w\" sizes=\"(max-width: 291px) 100vw, 291px\" \/>[\/vc_column_text][\/vc_column][vc_column width=&#8221;1\/2&#8243;][vc_column_text]Toutes les transactions affect\u00e9es au processus de vente requi\u00e8rent un <a href=\"https:\/\/www.softbec.ca\/aide\/les-comptes-clients\/\">compte client<\/a> qui s&#8217;y rattache. Les transactions support\u00e9s sont :<\/p>\n<ul>\n<li><a href=\"http:\/\/www.softbec.ca\/aide\/fr\/les-soumissions\/\">Les soumissions<\/a>*<\/li>\n<li><a href=\"http:\/\/www.softbec.ca\/aide\/fr\/les-commandes-de-vente\/\">Les commandes de vente<\/a>*<\/li>\n<li><a href=\"http:\/\/www.softbec.ca\/aide\/fr\/les-bons-de-travail\/\">Les bons de travail<\/a><\/li>\n<li><a href=\"http:\/\/www.softbec.ca\/aide\/fr\/3-types-de-livraisons\/\">Les livraisons<\/a>\n<ul>\n<li><a href=\"http:\/\/www.softbec.ca\/aide\/fr\/les-livraisons-standards\/\">Livraisons standards<\/a><\/li>\n<li><a href=\"http:\/\/www.softbec.ca\/aide\/fr\/les-livraisons-tio\/\">Livraisons avec balances de camion<\/a>*<\/li>\n<li><a href=\"http:\/\/www.softbec.ca\/aide\/fr\/les-livraisons-pos\/\">Livraisons avec balances de plancher<\/a>*<\/li>\n<\/ul>\n<\/li>\n<li><a href=\"http:\/\/www.softbec.ca\/aide\/fr\/les-locations-unitaires\/\">Les locations<\/a>*<\/li>\n<li><a href=\"http:\/\/www.softbec.ca\/aide\/fr\/les-factures-de-vente\/\">Les factures de vente<\/a>*<\/li>\n<li><a href=\"http:\/\/www.softbec.ca\/aide\/fr\/les-encaissements\/\">Les encaisses<\/a>*<\/li>\n<\/ul>\n<p>[\/vc_column_text][\/vc_column][\/vc_row][vc_row][vc_column][vc_message]Les transactions marqu\u00e9es par un asterix sont des modules d&#8217;extension vendus s\u00e9par\u00e9ments.[\/vc_message][\/vc_column][\/vc_row]<\/p>\n<\/div>","protected":false},"excerpt":{"rendered":"<p>[vc_row][vc_column][vc_column_text] Le processus de vente [\/vc_column_text][vc_images_carousel images=&#8221;3589&#8243; img_size=&#8221;full&#8221; onclick=&#8221;link_no&#8221;][\/vc_column][\/vc_row][vc_row][vc_column width=&#8221;1\/2&#8243;][vc_column_text]De la soumission \u00e0 la facturation, OTO Nom-i permet de g\u00e9rer toutes les \u00e9tapes n\u00e9cessaires \u00e0 une bonne gestion de votre processus de vente. [\/vc_column_text][\/vc_column][vc_column width=&#8221;1\/2&#8243;][vc_column_text]Toutes les transactions affect\u00e9es au processus de vente requi\u00e8rent un compte client qui s&#8217;y rattache. Les transactions support\u00e9s sont : Les &hellip;<\/p>\n","protected":false},"author":2,"featured_media":0,"parent":0,"menu_order":0,"comment_status":"closed","ping_status":"closed","template":"","meta":{"footnotes":""},"_links":{"self":[{"href":"https:\/\/www.softbec.ca\/aide\/wp-json\/wp\/v2\/pages\/1270"}],"collection":[{"href":"https:\/\/www.softbec.ca\/aide\/wp-json\/wp\/v2\/pages"}],"about":[{"href":"https:\/\/www.softbec.ca\/aide\/wp-json\/wp\/v2\/types\/page"}],"author":[{"embeddable":true,"href":"https:\/\/www.softbec.ca\/aide\/wp-json\/wp\/v2\/users\/2"}],"replies":[{"embeddable":true,"href":"https:\/\/www.softbec.ca\/aide\/wp-json\/wp\/v2\/comments?post=1270"}],"version-history":[{"count":10,"href":"https:\/\/www.softbec.ca\/aide\/wp-json\/wp\/v2\/pages\/1270\/revisions"}],"predecessor-version":[{"id":3605,"href":"https:\/\/www.softbec.ca\/aide\/wp-json\/wp\/v2\/pages\/1270\/revisions\/3605"}],"wp:attachment":[{"href":"https:\/\/www.softbec.ca\/aide\/wp-json\/wp\/v2\/media?parent=1270"}],"curies":[{"name":"wp","href":"https:\/\/api.w.org\/{rel}","templated":true}]}}