{"id":1272,"date":"2017-07-24T13:21:46","date_gmt":"2017-07-24T17:21:46","guid":{"rendered":"http:\/\/www.softbec.ca\/aide\/?page_id=1272"},"modified":"2024-02-12T23:38:46","modified_gmt":"2024-02-13T04:38:46","slug":"processus-dachat","status":"publish","type":"page","link":"https:\/\/www.softbec.ca\/aide\/processus-dachat\/","title":{"rendered":"Processus d&#8217;achat"},"content":{"rendered":"<div class=\"wpb-content-wrapper\"><p>[vc_row][vc_column][vc_column_text]<\/p>\n<h2>Le processus d&#8217;achat<\/h2>\n<p>De la commande \u00e0 la facturation, OTO Nom-i permet de g\u00e9rer toutes les \u00e9tapes n\u00e9cessaires \u00e0 une bonne gestion de votre processus d&#8217;achat.[\/vc_column_text][\/vc_column][\/vc_row][vc_row][vc_column][vc_column_text]Toutes les transactions affect\u00e9es au processus d&#8217;achat requi\u00e8rent un <a href=\"https:\/\/www.softbec.ca\/aide\/les-comptes-fournisseurs\/\">compte fournisseur<\/a> qui s&#8217;y rattache. Les transactions support\u00e9s sont :<\/p>\n<ul>\n<li><a href=\"https:\/\/www.softbec.ca\/aide\/les-commandes-de-fournisseurs\/\">Les commandes d&#8217;achat<\/a>*<\/li>\n<li><a href=\"http:\/\/www.softbec.ca\/aide\/fr\/3-types-de-livraisons\/\">Les livraisons<\/a>\n<ul>\n<li><a href=\"http:\/\/www.softbec.ca\/aide\/fr\/les-livraisons-standards\/\">Livraisons standards<\/a><\/li>\n<li><a href=\"http:\/\/www.softbec.ca\/aide\/fr\/les-livraisons-tio\/\">Livraisons avec balances de camion<\/a>*<\/li>\n<li><a href=\"http:\/\/www.softbec.ca\/aide\/fr\/les-livraisons-pos\/\">Livraisons avec balances de plancher<\/a>*<\/li>\n<\/ul>\n<\/li>\n<li><a href=\"http:\/\/www.softbec.ca\/aide\/fr\/les-locations-unitaires\/\">Les locations<\/a>*<\/li>\n<li><a href=\"https:\/\/www.softbec.ca\/aide\/gestionnaire-des-factures-de-achat\/\">Les factures d&#8217;achat<\/a>*<\/li>\n<li><a href=\"https:\/\/www.softbec.ca\/aide\/gestionnaire-des-paiements\/\">Les d\u00e9bours<\/a>*<\/li>\n<\/ul>\n<p>[\/vc_column_text][vc_message]Les transactions marqu\u00e9es par un asterix sont des modules d&#8217;extension vendus s\u00e9par\u00e9ments.[\/vc_message][\/vc_column][\/vc_row]<\/p>\n<\/div>","protected":false},"excerpt":{"rendered":"<p>[vc_row][vc_column][vc_column_text] Le processus d&#8217;achat De la commande \u00e0 la facturation, OTO Nom-i permet de g\u00e9rer toutes les \u00e9tapes n\u00e9cessaires \u00e0 une bonne gestion de votre processus d&#8217;achat.[\/vc_column_text][\/vc_column][\/vc_row][vc_row][vc_column][vc_column_text]Toutes les transactions affect\u00e9es au processus d&#8217;achat requi\u00e8rent un compte fournisseur qui s&#8217;y rattache. Les transactions support\u00e9s sont : Les commandes d&#8217;achat* Les livraisons Livraisons standards Livraisons avec balances &hellip;<\/p>\n","protected":false},"author":2,"featured_media":0,"parent":0,"menu_order":0,"comment_status":"closed","ping_status":"closed","template":"","meta":{"footnotes":""},"_links":{"self":[{"href":"https:\/\/www.softbec.ca\/aide\/wp-json\/wp\/v2\/pages\/1272"}],"collection":[{"href":"https:\/\/www.softbec.ca\/aide\/wp-json\/wp\/v2\/pages"}],"about":[{"href":"https:\/\/www.softbec.ca\/aide\/wp-json\/wp\/v2\/types\/page"}],"author":[{"embeddable":true,"href":"https:\/\/www.softbec.ca\/aide\/wp-json\/wp\/v2\/users\/2"}],"replies":[{"embeddable":true,"href":"https:\/\/www.softbec.ca\/aide\/wp-json\/wp\/v2\/comments?post=1272"}],"version-history":[{"count":5,"href":"https:\/\/www.softbec.ca\/aide\/wp-json\/wp\/v2\/pages\/1272\/revisions"}],"predecessor-version":[{"id":3579,"href":"https:\/\/www.softbec.ca\/aide\/wp-json\/wp\/v2\/pages\/1272\/revisions\/3579"}],"wp:attachment":[{"href":"https:\/\/www.softbec.ca\/aide\/wp-json\/wp\/v2\/media?parent=1272"}],"curies":[{"name":"wp","href":"https:\/\/api.w.org\/{rel}","templated":true}]}}