{"id":1280,"date":"2017-07-24T13:24:23","date_gmt":"2017-07-24T17:24:23","guid":{"rendered":"http:\/\/www.softbec.ca\/aide\/?page_id=1280"},"modified":"2024-02-12T23:54:43","modified_gmt":"2024-02-13T04:54:43","slug":"comptabilite","status":"publish","type":"page","link":"https:\/\/www.softbec.ca\/aide\/comptabilite\/","title":{"rendered":"Comptabilit\u00e9"},"content":{"rendered":"<div class=\"wpb-content-wrapper\"><p>[vc_row][vc_column][vc_column_text]<\/p>\n<h2>La comptabilit\u00e9<\/h2>\n<p>[\/vc_column_text][vc_images_carousel images=&#8221;2223&#8243; img_size=&#8221;full&#8221; onclick=&#8221;link_no&#8221;][vc_column_text]La comptabilit\u00e9 de toute entreprise repose sur un plan comptable et des \u00e9critures dans le journal g\u00e9n\u00e9ral de l&#8217;entreprise, souvent appel\u00e9 le Grand-Livre (G\/L). Si ce module est install\u00e9 dans votre entreprise, vous pouvez g\u00e9rer quasi la totalit\u00e9 de votre comptabilit\u00e9. Dans cette page, nous d\u00e9couvrons les fonctionnalit\u00e9s qui s&#8217;attachent \u00e0 ce module d&#8217;extension.[\/vc_column_text][\/vc_column][\/vc_row][vc_row][vc_column][vc_column_text]<span style=\"text-decoration: underline;\"><strong>Acc\u00e9der \u00e0 la comptabilit\u00e9 de votre entreprise<\/strong><\/span><\/p>\n<p>Si vous avez install\u00e9 le module du Grand-Livre, plusieurs fonctionnalit\u00e9s s&#8217;activeront dans votre logiciel pour y assurer l&#8217;int\u00e9grit\u00e9 de vos donn\u00e9es et un suivi plus pointieux. Cette administration se fait principalement dans la section de la comptabilit\u00e9 que vous trouverez en suivant les \u00e9tapes suivantes :[\/vc_column_text][vc_row_inner][vc_column_inner width=&#8221;1\/2&#8243;][vc_column_text]<strong><span style=\"text-decoration: underline;\">\u00c9dition PC<\/span><\/strong><\/p>\n<p>La gestion de la comptabilit\u00e9 est accessible en grande partie via la fen\u00eatre principale dans le ruban &#8220;Comptabilit\u00e9&#8221;.[\/vc_column_text][\/vc_column_inner][vc_column_inner width=&#8221;1\/2&#8243;][vc_column_text]<strong><span style=\"text-decoration: underline;\">\u00c9dition WebApp<\/span><\/strong><\/p>\n<p>Via n&#8217;importe quelle page&#8230;<\/p>\n<ol>\n<li>Ouvrez le menu principal<\/li>\n<li>Cliquez sur le lien &#8220;Comptabilit\u00e9&#8221;.<\/li>\n<\/ol>\n<p>[\/vc_column_text][\/vc_column_inner][\/vc_row_inner][\/vc_column][\/vc_row][vc_row][vc_column][vc_column_text]<strong>La comptabilit\u00e9 contient plusieurs fonctionnalit\u00e9s \u00e0 d\u00e9couvrir dont :<\/strong><\/p>\n<ul>\n<li><a href=\"https:\/\/www.softbec.ca\/aide\/les-comptes-du-grand-livre-gl\/\">Le plan comptable (les comptes G\/L)<\/a><\/li>\n<li><a href=\"https:\/\/www.softbec.ca\/aide\/les-ecritures-du-grand-livre-gl\/\">Les \u00e9critures du G\/L<\/a><\/li>\n<li><a href=\"https:\/\/www.softbec.ca\/aide\/les-comptes-du-igrf\/\">Les IGRF<\/a><\/li>\n<li>Les rapports comptables<\/li>\n<\/ul>\n<p>[\/vc_column_text][\/vc_column][\/vc_row]<\/p>\n<\/div>","protected":false},"excerpt":{"rendered":"<p>[vc_row][vc_column][vc_column_text] La comptabilit\u00e9 [\/vc_column_text][vc_images_carousel images=&#8221;2223&#8243; img_size=&#8221;full&#8221; onclick=&#8221;link_no&#8221;][vc_column_text]La comptabilit\u00e9 de toute entreprise repose sur un plan comptable et des \u00e9critures dans le journal g\u00e9n\u00e9ral de l&#8217;entreprise, souvent appel\u00e9 le Grand-Livre (G\/L). Si ce module est install\u00e9 dans votre entreprise, vous pouvez g\u00e9rer quasi la totalit\u00e9 de votre comptabilit\u00e9. Dans cette page, nous d\u00e9couvrons les fonctionnalit\u00e9s qui &hellip;<\/p>\n","protected":false},"author":2,"featured_media":0,"parent":0,"menu_order":0,"comment_status":"closed","ping_status":"closed","template":"","meta":{"footnotes":""},"_links":{"self":[{"href":"https:\/\/www.softbec.ca\/aide\/wp-json\/wp\/v2\/pages\/1280"}],"collection":[{"href":"https:\/\/www.softbec.ca\/aide\/wp-json\/wp\/v2\/pages"}],"about":[{"href":"https:\/\/www.softbec.ca\/aide\/wp-json\/wp\/v2\/types\/page"}],"author":[{"embeddable":true,"href":"https:\/\/www.softbec.ca\/aide\/wp-json\/wp\/v2\/users\/2"}],"replies":[{"embeddable":true,"href":"https:\/\/www.softbec.ca\/aide\/wp-json\/wp\/v2\/comments?post=1280"}],"version-history":[{"count":14,"href":"https:\/\/www.softbec.ca\/aide\/wp-json\/wp\/v2\/pages\/1280\/revisions"}],"predecessor-version":[{"id":3586,"href":"https:\/\/www.softbec.ca\/aide\/wp-json\/wp\/v2\/pages\/1280\/revisions\/3586"}],"wp:attachment":[{"href":"https:\/\/www.softbec.ca\/aide\/wp-json\/wp\/v2\/media?parent=1280"}],"curies":[{"name":"wp","href":"https:\/\/api.w.org\/{rel}","templated":true}]}}