{"id":1282,"date":"2017-07-24T13:24:53","date_gmt":"2017-07-24T17:24:53","guid":{"rendered":"http:\/\/www.softbec.ca\/aide\/?page_id=1282"},"modified":"2025-07-10T14:55:03","modified_gmt":"2025-07-10T18:55:03","slug":"outils","status":"publish","type":"page","link":"https:\/\/www.softbec.ca\/aide\/outils\/","title":{"rendered":"Outils"},"content":{"rendered":"<div class=\"wpb-content-wrapper\"><p>[vc_row][vc_column][vc_column_text]Plusieurs outils sont disponibles avec OTO Nom-i pour vous permettre d&#8217;am\u00e9liorer votre rentabilit\u00e9. Voici quelques unes :[\/vc_column_text][\/vc_column][\/vc_row][vc_row][vc_column width=&#8221;1\/2&#8243;][vc_column_text]<strong>Gestion de la s\u00e9curit\u00e9<\/strong><\/p>\n<ul>\n<li><a href=\"https:\/\/www.softbec.ca\/aide\/gestion-des-connexions\/\">Connexions aux BDD<\/a><\/li>\n<li><a href=\"https:\/\/www.softbec.ca\/aide\/gestion-des-comptes-utilisateurs\/\">Gestion des acc\u00e8s<\/a><\/li>\n<\/ul>\n<p><strong>Personnalisation de l&#8217;interface<\/strong><\/p>\n<ul>\n<li><a href=\"https:\/\/www.softbec.ca\/aide\/tableau-de-bord\/\">Tableau de bord utilisateur<\/a><\/li>\n<li>Rapports personnalisables<\/li>\n<li>Actions\/R\u00e9actions (A\/R)<\/li>\n<li>Dynexe &#8211; Interface de programmation<\/li>\n<li>Menu personnalisable<\/li>\n<li>Interface homme-machine (IHM) personnalisable<\/li>\n<li><a href=\"https:\/\/www.softbec.ca\/aide\/macro-code-utilisateur-mcu\/\">MCU &#8211; Macro-Code Utilisateur<\/a><\/li>\n<\/ul>\n<p><strong>Organisation d&#8217;entreprise<\/strong><\/p>\n<ul>\n<li>Succursales multiples<\/li>\n<li>Gestion des employ\u00e9s<\/li>\n<li>R\u00e9partition des t\u00e2ches<\/li>\n<\/ul>\n<p>[\/vc_column_text][\/vc_column][vc_column width=&#8221;1\/2&#8243;][vc_column_text]<strong>Parties tierces<\/strong><\/p>\n<ul>\n<li><a href=\"https:\/\/www.softbec.ca\/aide\/la-communication\/\">Communications<\/a><\/li>\n<li>P\u00e9riph\u00e9riques<\/li>\n<li>Microsoft<\/li>\n<li>Google<\/li>\n<li>TelNyx<\/li>\n<li>Topaz<\/li>\n<li>ACCEO<\/li>\n<li>SAGE<\/li>\n<li>QUICKEN<\/li>\n<li>QUICKBOOK<\/li>\n<\/ul>\n<p><strong>Utilitaires<\/strong><\/p>\n<ul>\n<li>Conversion d&#8217;unit\u00e9<\/li>\n<li>Calculatrice de taxes<\/li>\n<li>Calculatrice financi\u00e8re<\/li>\n<li>Gestion des fichiers<\/li>\n<li>Word<\/li>\n<li>Excel<\/li>\n<li>\u00c9diteur d&#8217;image<\/li>\n<li>PDF<\/li>\n<li>Audit<\/li>\n<li>Archivage des donn\u00e9es<\/li>\n<li>Acc\u00e9l\u00e9ration de la vitesse<\/li>\n<\/ul>\n<p>[\/vc_column_text][\/vc_column][\/vc_row]<\/p>\n<\/div>","protected":false},"excerpt":{"rendered":"<p>[vc_row][vc_column][vc_column_text]Plusieurs outils sont disponibles avec OTO Nom-i pour vous permettre d&#8217;am\u00e9liorer votre rentabilit\u00e9. Voici quelques unes :[\/vc_column_text][\/vc_column][\/vc_row][vc_row][vc_column width=&#8221;1\/2&#8243;][vc_column_text]Gestion de la s\u00e9curit\u00e9 Connexions aux BDD Gestion des acc\u00e8s Personnalisation de l&#8217;interface Tableau de bord utilisateur Rapports personnalisables Actions\/R\u00e9actions (A\/R) Dynexe &#8211; Interface de programmation Menu personnalisable Interface homme-machine (IHM) personnalisable MCU &#8211; Macro-Code Utilisateur Organisation d&#8217;entreprise &hellip;<\/p>\n","protected":false},"author":2,"featured_media":0,"parent":0,"menu_order":0,"comment_status":"closed","ping_status":"closed","template":"","meta":{"footnotes":""},"_links":{"self":[{"href":"https:\/\/www.softbec.ca\/aide\/wp-json\/wp\/v2\/pages\/1282"}],"collection":[{"href":"https:\/\/www.softbec.ca\/aide\/wp-json\/wp\/v2\/pages"}],"about":[{"href":"https:\/\/www.softbec.ca\/aide\/wp-json\/wp\/v2\/types\/page"}],"author":[{"embeddable":true,"href":"https:\/\/www.softbec.ca\/aide\/wp-json\/wp\/v2\/users\/2"}],"replies":[{"embeddable":true,"href":"https:\/\/www.softbec.ca\/aide\/wp-json\/wp\/v2\/comments?post=1282"}],"version-history":[{"count":4,"href":"https:\/\/www.softbec.ca\/aide\/wp-json\/wp\/v2\/pages\/1282\/revisions"}],"predecessor-version":[{"id":3721,"href":"https:\/\/www.softbec.ca\/aide\/wp-json\/wp\/v2\/pages\/1282\/revisions\/3721"}],"wp:attachment":[{"href":"https:\/\/www.softbec.ca\/aide\/wp-json\/wp\/v2\/media?parent=1282"}],"curies":[{"name":"wp","href":"https:\/\/api.w.org\/{rel}","templated":true}]}}