{"id":2088,"date":"2017-09-13T03:08:27","date_gmt":"2017-09-13T07:08:27","guid":{"rendered":"http:\/\/www.softbec.ca\/aide\/?page_id=2088"},"modified":"2024-02-25T20:50:22","modified_gmt":"2024-02-26T01:50:22","slug":"demarrage","status":"publish","type":"page","link":"https:\/\/www.softbec.ca\/aide\/","title":{"rendered":"D\u00e9marrage"},"content":{"rendered":"<div class=\"wpb-content-wrapper\"><p>[vc_row][vc_column][vc_column_text]OTO Nom-i est une solution informatique, class\u00e9e ERP\/CRM, accessible sur une multitude de plateformes et capable de g\u00e9rer la presque totalit\u00e9 de vos entreprises dans une seule et unique application. Cette page pr\u00e9sente la structure de base, les fonctionnalit\u00e9s culminantes \u00e0 d\u00e9couvrir et les \u00e9tapes n\u00e9cessaires pour assurer l&#8217;installation et la mise en service de vos entreprise sur les diff\u00e9rentes plateformes.[\/vc_column_text][\/vc_column][\/vc_row][vc_row][vc_column][vc_column_text]<\/p>\n<h3><span style=\"text-decoration: underline;\"><strong>Une application multi-plateforme<\/strong><\/span><\/h3>\n<p>Accessible sur la plupart des appareils PC, Web et Mobile, vos donn\u00e9es sont toujours \u00e0 la port\u00e9e de vos doigts peu importe o\u00f9 vous soyez.[\/vc_column_text][vc_row_inner][vc_column_inner width=&#8221;1\/2&#8243;][vc_column_text]<span style=\"text-decoration: underline;\"><strong>La plateforme PC<\/strong><\/span><\/p>\n<p>La plateforme PC du logiciel OTO Nom-i est disponible en \u00e9dition 32 bits et\/ou 64 bits selon les besoins de votre entreprise. Ces \u00e9ditions peuvent \u00eatre installer sur vos ordinateurs de tables, vos ordinateurs portables et\/ou vos serveurs d&#8217;entreprise de type Terminal\/Server (T\/S) et\/ou Machine Virtuelle (MV). Ce qui caract\u00e9rise cette plateforme est que vous pouvez g\u00e9rer vous m\u00eame les utilisateurs qui s&#8217;y connectent, en autant de suivre les r\u00e8gles de droits d&#8217;auteur d\u00e9finir pour les diff\u00e9rentes plateformes.<\/p>\n<p><strong>Liens utiles :<\/strong><\/p>\n<ul>\n<li><a href=\"https:\/\/www.softbec.ca\/aide\/licence-dutilisation\/\">Licence d&#8217;utilisation<\/a><\/li>\n<li><a href=\"https:\/\/www.softbec.ca\/aide\/installation-et-mises-a-jour\/\">Installation du logiciel<\/a>\n<ul>\n<li>Installation individuelle<\/li>\n<li>Installation via le Cloud<\/li>\n<li>Installation via un serveur d\u00e9di\u00e9<\/li>\n<\/ul>\n<\/li>\n<li><a href=\"https:\/\/www.softbec.ca\/aide\/activation-du-logiciel\/\">Activation du logiciel<\/a><\/li>\n<li><a href=\"https:\/\/www.softbec.ca\/aide\/mise-a-jour-du-logiciel-pc\/\">Mise \u00e0 jour du logiciel<\/a><\/li>\n<\/ul>\n<p>[\/vc_column_text][\/vc_column_inner][vc_column_inner width=&#8221;1\/2&#8243;][vc_column_text]<span style=\"text-decoration: underline;\"><strong>La plateforme WebApp (Web\/Mobile)<\/strong><\/span><\/p>\n<p>SOFTBEC met \u00e0 votre disposition l&#8217;\u00e9dition WebApp, le marriage d&#8217;une page Web et d&#8217;une application Mobile. Cette \u00e9dition vous permet d&#8217;acc\u00e9der \u00e0 vos de n&#8217;importe ou \u00e0 travers le monde et de n&#8217;importe quel type d&#8217;appareillage (ordinateur, cellulaire, tablette, etc). Elle ne requiert aucune maintenance (toutes les mises \u00e0 jour sont faites r\u00e9guli\u00e8rement par l&#8217;\u00e9quipe de SOFTBEC), mais requiert toutefois une connexion Internet fiable car vos donn\u00e9es sont sur le Cloud de SOFTBEC. Il est important de mentionner que la vitesse d&#8217;acc\u00e8s \u00e0 vos donn\u00e9es d\u00e9pend de la vitesse de votre connexion Internet.<\/p>\n<p><strong>Liens utiles :<\/strong><\/p>\n<ul>\n<li><a href=\"https:\/\/www.softbec.ca\/aide\/licence-dutilisation\/\">Licence d&#8217;utilisation<\/a><\/li>\n<li><a href=\"https:\/\/www.softbec.ca\/aide\/installation-au-format-webapp-sur-ios\/\">Installation au format WebApp sur les appareils iOS<\/a><br \/>\nex. : iPhone, iPad, MacBook<\/li>\n<li><a href=\"https:\/\/www.softbec.ca\/aide\/installation-au-format-webapp-sur-vos-appareils-android\/\">Installation au format WebApp sur les appareils Android<\/a><br \/>\nex. : celullaire, tablette, Chomebook<\/li>\n<li>Installation au format WebApp sur les appareils Windows<br \/>\nex. : ordinateur PC, Surface Windows, etc.<\/li>\n<\/ul>\n<p>[\/vc_column_text][\/vc_column_inner][\/vc_row_inner][\/vc_column][\/vc_row][vc_row][vc_column][vc_column_text]<\/p>\n<h3><strong><span style=\"text-decoration: underline;\">Quelques fonctionnalit\u00e9s culminantes \u00e0 d\u00e9couvrir<\/span><\/strong><\/h3>\n<p>En plus d&#8217;\u00eatre disponible sur la plupart des plateformes du marcher, OTO Nom-i met \u00e0 votre disposition une multitude de fonctionnalit\u00e9s culminantes pour vous permettre de maximiser vos revenus et r\u00e9duire vos d\u00e9penses. Voici une liste g\u00e9n\u00e9riques des fonctionnalit\u00e9s qui pourraient vous int\u00e9ress\u00e9s :<\/p>\n<ol>\n<li>Une solution multi-entreprises<\/li>\n<li>Une solution multi-succursales<\/li>\n<li>Une solution multi-langues<\/li>\n<li>Une solution multi-utilisateurs<\/li>\n<li>Une solution modulaire<\/li>\n<li>Une interface et des rapports personnalisables<\/li>\n<\/ol>\n<p>[\/vc_column_text][\/vc_column][\/vc_row][vc_row][vc_column][vc_column_text]<\/p>\n<h3><span style=\"text-decoration: underline;\"><strong>Liste partielle des fonctionnalit\u00e9s et des modules d&#8217;extension<\/strong><\/span><\/h3>\n<p>De base, OTO Nom-i vient avec une multitude de fonctionnalit\u00e9s tr\u00e8s int\u00e9ressantes. Vous pouvez rehausser ces fonctionnalit\u00e9s en ajoutant des modules d&#8217;extension qui permettrons d&#8217;\u00e9largir les capabilit\u00e9s de votre entreprise. Les modules d&#8217;extension et leurs sous fonctions d\u00e9pendantes sont marqu\u00e9s par un ast\u00e9risk (<span style=\"color: #ff0000;\">*<\/span>) et peuvent \u00eatre commander directement aupr\u00e8s de votre revendeur et\/ou un membre autoris\u00e9 SOFTBEC.[\/vc_column_text][\/vc_column][\/vc_row][vc_row][vc_column width=&#8221;1\/3&#8243;][vc_column_text]<span style=\"text-decoration: underline;\"><strong>Gestion du Grand-Livre<\/strong><\/span> <span style=\"color: #ff0000;\"><strong>*<\/strong><\/span><\/p>\n<ul>\n<li><a href=\"https:\/\/www.softbec.ca\/aide\/les-comptes-du-grand-livre-gl\/\">Comptes du Grand-Livre<\/a><\/li>\n<li><a href=\"https:\/\/www.softbec.ca\/aide\/les-ecritures-du-grand-livre-gl\/\">\u00c9critures dans le Journal G\u00e9n\u00e9ral<\/a><\/li>\n<li><a href=\"https:\/\/www.softbec.ca\/aide\/les-comptes-du-igrf\/\">Comptes IGRF<\/a><\/li>\n<li>Rapports gouvernementaux<\/li>\n<\/ul>\n<p>[\/vc_column_text][vc_column_text]<a href=\"https:\/\/www.softbec.ca\/aide\/processus-de-vente\/\"><span style=\"text-decoration: underline;\"><strong>Processus de vente<\/strong><\/span><\/a><\/p>\n<ul>\n<li><a href=\"https:\/\/www.softbec.ca\/aide\/les-comptes-clients\/\">Comptes clients<\/a><\/li>\n<li><a href=\"https:\/\/www.softbec.ca\/aide\/les-soumissions\/\">Soumissions<\/a><strong> <span style=\"color: #ff0000;\">*<\/span><\/strong><\/li>\n<li><a href=\"https:\/\/www.softbec.ca\/aide\/les-commandes-de-vente\/\">Commandes de ventes<\/a><strong> <span style=\"color: #ff0000;\">*<\/span><\/strong><\/li>\n<li><a href=\"https:\/\/www.softbec.ca\/aide\/gestionnaire-des-bon-de-travail\/\">Bons de travail<\/a><\/li>\n<li><a href=\"https:\/\/www.softbec.ca\/aide\/les-factures-de-vente\/\">Factures de vente<\/a><strong> <span style=\"color: #ff0000;\">*<\/span><\/strong>\n<ul>\n<li><a href=\"https:\/\/www.softbec.ca\/aide\/les-encaissements\/\">D\u00e9p\u00f4ts et encaisses<\/a><\/li>\n<li>Caisse enregistreuse<strong> <span style=\"color: #ff0000;\">*<\/span><\/strong><\/li>\n<\/ul>\n<\/li>\n<\/ul>\n<p>[\/vc_column_text][vc_column_text]<a href=\"https:\/\/www.softbec.ca\/aide\/processus-dachat\/\"><span style=\"text-decoration: underline;\"><strong>Processus d&#8217;achat<\/strong><\/span><\/a><\/p>\n<ul>\n<li><a href=\"https:\/\/www.softbec.ca\/aide\/les-comptes-fournisseurs\/\">Comptes fournisseurs<\/a><\/li>\n<li><a href=\"https:\/\/www.softbec.ca\/aide\/les-commandes-de-fournisseurs\/\">Commandes d&#8217;achat<\/a><strong> <span style=\"color: #ff0000;\">*<\/span><\/strong><\/li>\n<li><a href=\"https:\/\/www.softbec.ca\/aide\/gestionnaire-des-factures-de-achat\/\">Factures d&#8217;achat<\/a><strong> <span style=\"color: #ff0000;\">*<\/span><\/strong>\n<ul>\n<li><a href=\"https:\/\/www.softbec.ca\/aide\/gestionnaire-des-paiements\/\">D\u00e9p\u00f4ts et d\u00e9bours<\/a><\/li>\n<\/ul>\n<\/li>\n<\/ul>\n<p>[\/vc_column_text][vc_column_text]<a href=\"https:\/\/www.softbec.ca\/aide\/processus-de-production\/\"><span style=\"text-decoration: underline;\"><strong>Mise en inventaire<\/strong><\/span><\/a><\/p>\n<ul>\n<li><a href=\"https:\/\/www.softbec.ca\/aide\/la-gestion-des-produits\/\">Produits et Services<\/a><\/li>\n<li><a href=\"https:\/\/www.softbec.ca\/aide\/gestion-de-linventaire\/\">Gestion de l&#8217;inventaire<\/a><\/li>\n<li><a href=\"https:\/\/www.softbec.ca\/aide\/les-livraisons-standards\/\">Livraisons et transport de marchandise<\/a>\n<ul>\n<li><a href=\"https:\/\/www.softbec.ca\/aide\/les-livraisons-tio\/\">Gestion des balances de camion<\/a><strong> <span style=\"color: #ff0000;\">*<\/span><\/strong><\/li>\n<li><a href=\"https:\/\/www.softbec.ca\/aide\/les-livraisons-pos\/\">Gestion des balances de plancher<\/a><strong> <span style=\"color: #ff0000;\">*<\/span><\/strong><\/li>\n<\/ul>\n<\/li>\n<li><a href=\"https:\/\/www.softbec.ca\/aide\/les-locations\/\">Locations<\/a><strong> <span style=\"color: #ff0000;\">*<\/span><\/strong><\/li>\n<\/ul>\n<p>[\/vc_column_text][\/vc_column][vc_column width=&#8221;1\/3&#8243;][vc_column_text]<span style=\"text-decoration: underline;\"><strong>Composantes compl\u00e9mentaires<\/strong><\/span><\/p>\n<ul>\n<li><a href=\"https:\/\/www.softbec.ca\/aide\/gestionnaire-des-contacts\/\">Contacts<\/a><\/li>\n<li><a href=\"https:\/\/www.softbec.ca\/aide\/gestionnaire-des-vehicules\/\">V\u00e9hicules<\/a>\n<ul>\n<li>Suivi du kilom\u00e9trage<\/li>\n<li>Maintenance<\/li>\n<\/ul>\n<\/li>\n<li><a href=\"https:\/\/www.softbec.ca\/aide\/les-lots\/\">Lots<\/a><\/li>\n<li><a href=\"https:\/\/www.softbec.ca\/aide\/gestionnaire-des-contrats\/\">Contracts<\/a><strong> <span style=\"color: #ff0000;\">*<\/span><\/strong><\/li>\n<li>Sites (provenances et destinations)<\/li>\n<\/ul>\n<p>[\/vc_column_text][vc_column_text]<span style=\"text-decoration: underline;\"><strong>Employ\u00e9s &amp; Paie<\/strong><\/span><\/p>\n<ul>\n<li><a href=\"https:\/\/www.softbec.ca\/aide\/les-employes\/\">Employ\u00e9s<\/a>\n<ul>\n<li>Horaires de travail<\/li>\n<li>Punch! Horodatage<span style=\"color: #ff0000;\"><strong> *<\/strong><\/span><\/li>\n<li>Paie<span style=\"color: #ff0000;\"><strong> *<\/strong><\/span><\/li>\n<\/ul>\n<\/li>\n<li>\u00c9quipes de travail<\/li>\n<li>Ressource humaine<span style=\"color: #ff0000;\"><strong style=\"color: #ff0000;\"> *<\/strong><\/span><\/li>\n<\/ul>\n<p>[\/vc_column_text][vc_column_text]<span style=\"text-decoration: underline;\"><strong>Suivis<\/strong><\/span><\/p>\n<ul>\n<li>Projets<span style=\"color: #ff0000;\"><strong> *<\/strong><\/span><\/li>\n<li>T\u00e2ches<\/li>\n<li>R\u00e9partition<span style=\"color: #ff0000;\"><strong> *<\/strong><\/span><\/li>\n<li>Maintenance d&#8217;\u00e9qupement<span style=\"color: #ff0000;\"><strong> *<\/strong><\/span><\/li>\n<li>Info-Lettres<\/li>\n<\/ul>\n<p>[\/vc_column_text][vc_column_text]<strong>Paiements \u00e9lectroniques compatibles<\/strong><\/p>\n<ul>\n<li>PayPal<span style=\"color: #ff0000;\"><strong> *<\/strong><\/span><\/li>\n<li>Mon\u00e9ris<span style=\"color: #ff0000;\"><strong> *<\/strong><\/span><\/li>\n<\/ul>\n<p>[\/vc_column_text][\/vc_column][vc_column width=&#8221;1\/3&#8243;][vc_column_text]<span style=\"text-decoration: underline;\"><strong>Technologies \u00e0 d\u00e9couvrir<\/strong><\/span><\/p>\n<ul>\n<li>Personnalisation des rapports<\/li>\n<li>R\u00e9plication des donn\u00e9es<\/li>\n<li>Envoies courriels<\/li>\n<li>Gestion des balances<\/li>\n<li>Gestion des scanners 1D\/2D<\/li>\n<li>Num\u00e9risation des documents<\/li>\n<li>Conversion des unit\u00e9s de mesure<\/li>\n<li>Captures cam\u00e9ras \/ vid\u00e9os<span style=\"color: #ff0000;\"><strong> *<\/strong><\/span><\/li>\n<li>Clavardage<\/li>\n<li>Office Lite (Word, Excel, Visio)<\/li>\n<li>OCR<\/li>\n<li>\u00c9diteur\/Gestion des fichiers PDF<\/li>\n<li>\u00c9diteur d&#8217;image<\/li>\n<li>Programmation de macro<\/li>\n<li>\u00c9diteur de page Web<\/li>\n<li>PorteFeuille<\/li>\n<li>Calculatrice financi\u00e8re<\/li>\n<\/ul>\n<p>[\/vc_column_text][vc_column_text]<span style=\"text-decoration: underline;\"><strong>Compatibilit\u00e9 avec des logiciels tierces<\/strong><\/span><\/p>\n<ul>\n<li>Sage 50<span style=\"color: #ff0000;\"><strong> *<\/strong><\/span><\/li>\n<li>Avantage<span style=\"color: #ff0000;\"><strong> *<\/strong><\/span><\/li>\n<li>Acomba<span style=\"color: #ff0000;\"><strong> *<\/strong><\/span><\/li>\n<li>Quickbooks<span style=\"color: #ff0000;\"><strong> *<\/strong><\/span><\/li>\n<li>Therefore<span style=\"color: #ff0000;\"><strong> *<\/strong><\/span><\/li>\n<li>Quicken<span style=\"color: #ff0000;\"><strong> *<\/strong><\/span><\/li>\n<\/ul>\n<p>[\/vc_column_text][\/vc_column][\/vc_row]<\/p>\n<\/div>","protected":false},"excerpt":{"rendered":"<p>[vc_row][vc_column][vc_column_text]OTO Nom-i est une solution informatique, class\u00e9e ERP\/CRM, accessible sur une multitude de plateformes et capable de g\u00e9rer la presque totalit\u00e9 de vos entreprises dans une seule et unique application. Cette page pr\u00e9sente la structure de base, les fonctionnalit\u00e9s culminantes \u00e0 d\u00e9couvrir et les \u00e9tapes n\u00e9cessaires pour assurer l&#8217;installation et la mise en service de &hellip;<\/p>\n","protected":false},"author":2,"featured_media":0,"parent":0,"menu_order":0,"comment_status":"closed","ping_status":"closed","template":"","meta":{"footnotes":""},"_links":{"self":[{"href":"https:\/\/www.softbec.ca\/aide\/wp-json\/wp\/v2\/pages\/2088"}],"collection":[{"href":"https:\/\/www.softbec.ca\/aide\/wp-json\/wp\/v2\/pages"}],"about":[{"href":"https:\/\/www.softbec.ca\/aide\/wp-json\/wp\/v2\/types\/page"}],"author":[{"embeddable":true,"href":"https:\/\/www.softbec.ca\/aide\/wp-json\/wp\/v2\/users\/2"}],"replies":[{"embeddable":true,"href":"https:\/\/www.softbec.ca\/aide\/wp-json\/wp\/v2\/comments?post=2088"}],"version-history":[{"count":11,"href":"https:\/\/www.softbec.ca\/aide\/wp-json\/wp\/v2\/pages\/2088\/revisions"}],"predecessor-version":[{"id":3658,"href":"https:\/\/www.softbec.ca\/aide\/wp-json\/wp\/v2\/pages\/2088\/revisions\/3658"}],"wp:attachment":[{"href":"https:\/\/www.softbec.ca\/aide\/wp-json\/wp\/v2\/media?parent=2088"}],"curies":[{"name":"wp","href":"https:\/\/api.w.org\/{rel}","templated":true}]}}