{"id":3212,"date":"2021-05-06T16:24:07","date_gmt":"2021-05-06T20:24:07","guid":{"rendered":"http:\/\/www.softbec.ca\/aide\/?page_id=3212"},"modified":"2021-05-06T16:25:54","modified_gmt":"2021-05-06T20:25:54","slug":"portail","status":"publish","type":"page","link":"https:\/\/www.softbec.ca\/aide\/portail\/","title":{"rendered":"Portail"},"content":{"rendered":"<div class=\"wpb-content-wrapper\"><p>[vc_row][vc_column][vc_column_text]<\/p>\n<h2>AIDE EN LIGNE<\/h2>\n<p>OTO Nom-i est une application ERP\/CRM, disponible en \u00e9dition PC, Web et Mobile, qui permet de g\u00e9rer votre entreprise allant de la soumission \u00e0 la facturation, en passant par la gestion du stock, des projets et des processus de production diverses. Enti\u00e8rement modulaire et extensible avec le temps, vous ne payez que ce que vous utilisez. Sans oublier sont interface facilement personnalisable et compatible avec presque toute les infrastructures du march\u00e9 d&#8217;autre.[\/vc_column_text][\/vc_column][\/vc_row][vc_row][vc_column][vc_tta_tabs style=&#8221;flat&#8221; color=&#8221;white&#8221; spacing=&#8221;2&#8243; gap=&#8221;2&#8243; alignment=&#8221;center&#8221; active_section=&#8221;1&#8243; pagination_style=&#8221;outline-round&#8221; no_fill_content_area=&#8221;true&#8221; css=&#8221;.vc_custom_1504706934874{background-position: center !important;background-repeat: no-repeat !important;background-size: cover !important;}&#8221;][vc_tta_section i_type=&#8221;linecons&#8221; i_icon_linecons=&#8221;vc_li vc_li-bulb&#8221; add_icon=&#8221;true&#8221; title=&#8221;D\u00c9MARRAGE&#8221; tab_id=&#8221;1500131808955-48aa6716-d317&#8243;][vc_separator][vc_basic_grid post_type=&#8221;post&#8221; max_items=&#8221;10&#8243; element_width=&#8221;3&#8243; orderby=&#8221;meta_value&#8221; item=&#8221;1438&#8243; grid_id=&#8221;vc_gid:1620332702530-63f426b382a1e1b27e63b2b5f13601f2-4&#8243; taxonomies=&#8221;309, 58&#8243;][\/vc_tta_section][vc_tta_section i_type=&#8221;linecons&#8221; i_icon_linecons=&#8221;vc_li vc_li-stack&#8221; add_icon=&#8221;true&#8221; title=&#8221;COMPTABILIT\u00c9&#8221; tab_id=&#8221;1500131823039-9c71a7fe-eafd&#8221;][vc_separator][vc_basic_grid post_type=&#8221;post&#8221; max_items=&#8221;10&#8243; orderby=&#8221;meta_value&#8221; item=&#8221;1438&#8243; grid_id=&#8221;vc_gid:1620332702624-f874ac55c13bfe78dec340a59d7a6707-7&#8243; taxonomies=&#8221;72&#8243;][\/vc_tta_section][vc_tta_section i_type=&#8221;linecons&#8221; i_icon_linecons=&#8221;vc_li vc_li-tag&#8221; add_icon=&#8221;true&#8221; title=&#8221;CLIENTS &amp; VENTES&#8221; tab_id=&#8221;1500131809012-f6add90a-a6a9&#8243;][vc_separator][vc_basic_grid post_type=&#8221;post&#8221; max_items=&#8221;10&#8243; element_width=&#8221;3&#8243; item=&#8221;1438&#8243; grid_id=&#8221;vc_gid:1620332702653-8267cb1f6cd0a5f6c250cbfce9b04c35-5&#8243; taxonomies=&#8221;17&#8243;][\/vc_tta_section][vc_tta_section i_type=&#8221;linecons&#8221; i_icon_linecons=&#8221;vc_li vc_li-banknote&#8221; add_icon=&#8221;true&#8221; title=&#8221;FOURNISSEURS &amp; ACHATS&#8221; tab_id=&#8221;1500131819407-2d67b386-14e6&#8243;][vc_separator][vc_basic_grid post_type=&#8221;post&#8221; max_items=&#8221;10&#8243; element_width=&#8221;3&#8243; item=&#8221;1438&#8243; grid_id=&#8221;vc_gid:1620332702678-b5ace5d0921ec50c7058e99377de97d6-3&#8243; taxonomies=&#8221;18&#8243;][\/vc_tta_section][vc_tta_section i_type=&#8221;linecons&#8221; i_icon_linecons=&#8221;vc_li vc_li-truck&#8221; add_icon=&#8221;true&#8221; title=&#8221;PRODUITS ET LIVRAISONS&#8221; tab_id=&#8221;1500131820576-074b134b-4b09&#8243;][vc_separator][vc_basic_grid post_type=&#8221;post&#8221; max_items=&#8221;10&#8243; element_width=&#8221;3&#8243; item=&#8221;1438&#8243; grid_id=&#8221;vc_gid:1620332702704-5a21e52b307bb78ad593f2506e27b078-4&#8243; taxonomies=&#8221;19&#8243;][\/vc_tta_section][vc_tta_section i_type=&#8221;linecons&#8221; i_icon_linecons=&#8221;vc_li vc_li-data&#8221; add_icon=&#8221;true&#8221; title=&#8221;COMPOSANTES&#8221; tab_id=&#8221;1500131821541-39e8fc7c-3a80&#8243;][vc_separator][vc_basic_grid post_type=&#8221;post&#8221; max_items=&#8221;10&#8243; element_width=&#8221;3&#8243; item=&#8221;1438&#8243; grid_id=&#8221;vc_gid:1620332702735-266e60f5d2079ff3f3f3c8e15e8a9c71-7&#8243; taxonomies=&#8221;20&#8243;][\/vc_tta_section][vc_tta_section i_icon_fontawesome=&#8221;fa fa-wrench&#8221; add_icon=&#8221;true&#8221; title=&#8221;OUTILS&#8221; tab_id=&#8221;1500131827482-8d989cb0-7f8a&#8221;][vc_separator][vc_basic_grid post_type=&#8221;post&#8221; max_items=&#8221;10&#8243; element_width=&#8221;3&#8243; orderby=&#8221;meta_value&#8221; item=&#8221;1438&#8243; grid_id=&#8221;vc_gid:1620332702765-6b2aaabbce1991592a2e7580d5714993-0&#8243; taxonomies=&#8221;55&#8243;][\/vc_tta_section][\/vc_tta_tabs][\/vc_column][\/vc_row]<\/p>\n<\/div>","protected":false},"excerpt":{"rendered":"<p>[vc_row][vc_column][vc_column_text] AIDE EN LIGNE OTO Nom-i est une application ERP\/CRM, disponible en \u00e9dition PC, Web et Mobile, qui permet de g\u00e9rer votre entreprise allant de la soumission \u00e0 la facturation, en passant par la gestion du stock, des projets et des processus de production diverses. Enti\u00e8rement modulaire et extensible avec le temps, vous ne payez &hellip;<\/p>\n","protected":false},"author":2,"featured_media":0,"parent":0,"menu_order":0,"comment_status":"closed","ping_status":"closed","template":"","meta":{"footnotes":""},"_links":{"self":[{"href":"https:\/\/www.softbec.ca\/aide\/wp-json\/wp\/v2\/pages\/3212"}],"collection":[{"href":"https:\/\/www.softbec.ca\/aide\/wp-json\/wp\/v2\/pages"}],"about":[{"href":"https:\/\/www.softbec.ca\/aide\/wp-json\/wp\/v2\/types\/page"}],"author":[{"embeddable":true,"href":"https:\/\/www.softbec.ca\/aide\/wp-json\/wp\/v2\/users\/2"}],"replies":[{"embeddable":true,"href":"https:\/\/www.softbec.ca\/aide\/wp-json\/wp\/v2\/comments?post=3212"}],"version-history":[{"count":2,"href":"https:\/\/www.softbec.ca\/aide\/wp-json\/wp\/v2\/pages\/3212\/revisions"}],"predecessor-version":[{"id":3214,"href":"https:\/\/www.softbec.ca\/aide\/wp-json\/wp\/v2\/pages\/3212\/revisions\/3214"}],"wp:attachment":[{"href":"https:\/\/www.softbec.ca\/aide\/wp-json\/wp\/v2\/media?parent=3212"}],"curies":[{"name":"wp","href":"https:\/\/api.w.org\/{rel}","templated":true}]}}