{"id":365,"date":"2017-06-11T23:43:34","date_gmt":"2017-06-12T03:43:34","guid":{"rendered":"http:\/\/www.softbec.ca\/aide\/?page_id=365"},"modified":"2023-06-14T10:16:16","modified_gmt":"2023-06-14T14:16:16","slug":"accueil","status":"publish","type":"page","link":"https:\/\/www.softbec.ca\/aide\/accueil\/","title":{"rendered":"Accueil"},"content":{"rendered":"<div class=\"wpb-content-wrapper\"><p>[vc_row][vc_column][vc_column_text]<\/p>\n<h2>AIDE EN LIGNE<\/h2>\n<p>OTO Nom-i est une application ERP\/CRM, disponible en \u00e9dition PC, Web et Mobile, qui permet de g\u00e9rer votre entreprise allant de la soumission \u00e0 la facturation, en passant par la gestion du stock, des projets et des processus de production diverses. Enti\u00e8rement modulable et extensible avec le temps, vous ne payez que ce que vous utilisez. Sans oublier sont interface facilement personnalisable et compatible avec presque toute les infrastructures du march\u00e9 d&#8217;autre.[\/vc_column_text][\/vc_column][\/vc_row]<\/p>\n<\/div>","protected":false},"excerpt":{"rendered":"<p>[vc_row][vc_column][vc_column_text] AIDE EN LIGNE OTO Nom-i est une application ERP\/CRM, disponible en \u00e9dition PC, Web et Mobile, qui permet de g\u00e9rer votre entreprise allant de la soumission \u00e0 la facturation, en passant par la gestion du stock, des projets et des processus de production diverses. Enti\u00e8rement modulable et extensible avec le temps, vous ne payez &hellip;<\/p>\n","protected":false},"author":2,"featured_media":0,"parent":0,"menu_order":0,"comment_status":"closed","ping_status":"closed","template":"","meta":{"footnotes":""},"_links":{"self":[{"href":"https:\/\/www.softbec.ca\/aide\/wp-json\/wp\/v2\/pages\/365"}],"collection":[{"href":"https:\/\/www.softbec.ca\/aide\/wp-json\/wp\/v2\/pages"}],"about":[{"href":"https:\/\/www.softbec.ca\/aide\/wp-json\/wp\/v2\/types\/page"}],"author":[{"embeddable":true,"href":"https:\/\/www.softbec.ca\/aide\/wp-json\/wp\/v2\/users\/2"}],"replies":[{"embeddable":true,"href":"https:\/\/www.softbec.ca\/aide\/wp-json\/wp\/v2\/comments?post=365"}],"version-history":[{"count":36,"href":"https:\/\/www.softbec.ca\/aide\/wp-json\/wp\/v2\/pages\/365\/revisions"}],"predecessor-version":[{"id":3382,"href":"https:\/\/www.softbec.ca\/aide\/wp-json\/wp\/v2\/pages\/365\/revisions\/3382"}],"wp:attachment":[{"href":"https:\/\/www.softbec.ca\/aide\/wp-json\/wp\/v2\/media?parent=365"}],"curies":[{"name":"wp","href":"https:\/\/api.w.org\/{rel}","templated":true}]}}